{"id":915,"date":"2016-01-28T09:47:30","date_gmt":"2016-01-28T09:47:30","guid":{"rendered":"http:\/\/demo.oceanthemes.net\/archi\/?page_id=915"},"modified":"2023-01-11T17:22:47","modified_gmt":"2023-01-11T14:22:47","slug":"our-services","status":"publish","type":"page","link":"https:\/\/duccahome.com\/tr\/our-services\/","title":{"rendered":"Kategoriler"},"content":{"rendered":"<div class=\"wpb-content-wrapper\"><p>[vc_row css=&#8221;.vc_custom_1453975727142{padding-top: 90px !important;padding-bottom: 30px !important;}&#8221;][vc_column]<!-- Element: OT Services Grid -->\n<div id=\"services-masonry\" class=\"masonry row\">\n\t\n\t<div class=\"col-md-3 item\">\n\t\t\n\t\t\t\t\t\n\t\t\t<h3>TAMAMLAYICI \u00dcR\u00dcNLER<\/h3>\n\t\t\t<p>Ducca Home fark\u0131yla evinizin her k\u00f6\u015fesini yeniden renklendirin.<\/p>\n\t\t\t\t\t\t\t<div class=\"spacer-single-10\"><\/div>\n\t\t        <img width=\"2500\" height=\"1667\" src=\"https:\/\/duccahome.com\/wp-content\/uploads\/2015\/08\/zebra-set-25.jpg\" class=\"img-responsive wp-post-image\" alt=\"\" decoding=\"async\" loading=\"lazy\" srcset=\"https:\/\/duccahome.com\/wp-content\/uploads\/2015\/08\/zebra-set-25.jpg 2500w, https:\/\/duccahome.com\/wp-content\/uploads\/2015\/08\/zebra-set-25-300x200.jpg 300w, https:\/\/duccahome.com\/wp-content\/uploads\/2015\/08\/zebra-set-25-1024x683.jpg 1024w, https:\/\/duccahome.com\/wp-content\/uploads\/2015\/08\/zebra-set-25-768x512.jpg 768w, https:\/\/duccahome.com\/wp-content\/uploads\/2015\/08\/zebra-set-25-1536x1024.jpg 1536w, https:\/\/duccahome.com\/wp-content\/uploads\/2015\/08\/zebra-set-25-2048x1366.jpg 2048w, https:\/\/duccahome.com\/wp-content\/uploads\/2015\/08\/zebra-set-25-700x466.jpg 700w\" sizes=\"(max-width: 2500px) 100vw, 2500px\" title=\"zebra-set-25\" \/>\t\t\t\t\t\t\t\t\t\t<div class=\"spacer-single\"><\/div>\t\t\t\n\t\t\t\t<a href=\"https:\/\/duccahome.com\/tr\/service\/hospitally-design\/\" class=\"btn-line btn-fullwidth\">DETAYLI B\u0130LG\u0130<\/a>\t\t\n\t\t\t\n\t\t\n\t<\/div>\n\n\t\n\t<div class=\"col-md-3 item\">\n\t\t\n\t\t\t\t\t\n\t\t\t<h3>YATAK ODASI<\/h3>\n\t\t\t<p>Ducca Home fark\u0131yla evinizin her k\u00f6\u015fesini yeniden renklendirin.<\/p>\n\t\t\t\t\t\t\t<div class=\"spacer-single-10\"><\/div>\n\t\t        <img width=\"2560\" height=\"1920\" src=\"https:\/\/duccahome.com\/wp-content\/uploads\/2015\/08\/NEK007792-scaled-1.jpg\" class=\"img-responsive wp-post-image\" alt=\"\" decoding=\"async\" loading=\"lazy\" srcset=\"https:\/\/duccahome.com\/wp-content\/uploads\/2015\/08\/NEK007792-scaled-1.jpg 2560w, https:\/\/duccahome.com\/wp-content\/uploads\/2015\/08\/NEK007792-scaled-1-300x225.jpg 300w, https:\/\/duccahome.com\/wp-content\/uploads\/2015\/08\/NEK007792-scaled-1-1024x768.jpg 1024w, https:\/\/duccahome.com\/wp-content\/uploads\/2015\/08\/NEK007792-scaled-1-768x576.jpg 768w, https:\/\/duccahome.com\/wp-content\/uploads\/2015\/08\/NEK007792-scaled-1-1536x1152.jpg 1536w, https:\/\/duccahome.com\/wp-content\/uploads\/2015\/08\/NEK007792-scaled-1-2048x1536.jpg 2048w\" sizes=\"(max-width: 2560px) 100vw, 2560px\" title=\"NEK007792-scaled\" \/>\t\t\t\t\t\t\t\t\t\t<div class=\"spacer-single\"><\/div>\t\t\t\n\t\t\t\t<a href=\"https:\/\/duccahome.com\/tr\/service\/residential-design\/\" class=\"btn-line btn-fullwidth\">DETAYLI B\u0130LG\u0130<\/a>\t\t\n\t\t\t\n\t\t\n\t<\/div>\n\n\t\n\t<div class=\"col-md-3 item\">\n\t\t\n\t\t\t\t\t\n\t\t\t<h3>OTURMA GRUPLARI<\/h3>\n\t\t\t<p>Ducca Home fark\u0131yla evinizin her k\u00f6\u015fesini yeniden renklendirin.<\/p>\n\t\t\t\t\t\t\t<div class=\"spacer-single-10\"><\/div>\n\t\t        <img width=\"1448\" height=\"1000\" src=\"https:\/\/duccahome.com\/wp-content\/uploads\/2015\/08\/urun-capella-koltuk-takimi-01.jpg\" class=\"img-responsive wp-post-image\" alt=\"\" decoding=\"async\" loading=\"lazy\" srcset=\"https:\/\/duccahome.com\/wp-content\/uploads\/2015\/08\/urun-capella-koltuk-takimi-01.jpg 1448w, https:\/\/duccahome.com\/wp-content\/uploads\/2015\/08\/urun-capella-koltuk-takimi-01-300x207.jpg 300w, https:\/\/duccahome.com\/wp-content\/uploads\/2015\/08\/urun-capella-koltuk-takimi-01-1024x707.jpg 1024w, https:\/\/duccahome.com\/wp-content\/uploads\/2015\/08\/urun-capella-koltuk-takimi-01-768x530.jpg 768w\" sizes=\"(max-width: 1448px) 100vw, 1448px\" title=\"urun-capella-koltuk-takimi-01\" \/>\t\t\t\t\t\t\t\t\t\t<div class=\"spacer-single\"><\/div>\t\t\t\n\t\t\t\t<a href=\"https:\/\/duccahome.com\/tr\/service\/livingroom\/\" class=\"btn-line btn-fullwidth\">DETAYLI B\u0130LG\u0130<\/a>\t\t\n\t\t\t\n\t\t\n\t<\/div>\n\n\t\n\t<div class=\"col-md-3 item\">\n\t\t\n\t\t\t\t\t\n\t\t\t<h3>YEMEK ODASI<\/h3>\n\t\t\t<p>Ducca Home fark\u0131yla evinizin her k\u00f6\u015fesini yeniden renklendirin.<\/p>\n\t\t\t\t\t\t\t<div class=\"spacer-single-10\"><\/div>\n\t\t        <img width=\"1799\" height=\"1200\" src=\"https:\/\/duccahome.com\/wp-content\/uploads\/2015\/08\/large-1679649398.jpg\" class=\"img-responsive wp-post-image\" alt=\"\" decoding=\"async\" loading=\"lazy\" srcset=\"https:\/\/duccahome.com\/wp-content\/uploads\/2015\/08\/large-1679649398.jpg 1799w, https:\/\/duccahome.com\/wp-content\/uploads\/2015\/08\/large-1679649398-300x200.jpg 300w, https:\/\/duccahome.com\/wp-content\/uploads\/2015\/08\/large-1679649398-1024x683.jpg 1024w, https:\/\/duccahome.com\/wp-content\/uploads\/2015\/08\/large-1679649398-768x512.jpg 768w, https:\/\/duccahome.com\/wp-content\/uploads\/2015\/08\/large-1679649398-1536x1025.jpg 1536w, https:\/\/duccahome.com\/wp-content\/uploads\/2015\/08\/large-1679649398-700x466.jpg 700w\" sizes=\"(max-width: 1799px) 100vw, 1799px\" title=\"large-1679649398\" \/>\t\t\t\t\t\t\t\t\t\t<div class=\"spacer-single\"><\/div>\t\t\t\n\t\t\t\t<a href=\"https:\/\/duccahome.com\/tr\/service\/commercial-design\/\" class=\"btn-line btn-fullwidth\">DETAYLI B\u0130LG\u0130<\/a>\t\t\n\t\t\t\n\t\t\n\t<\/div>\n\n\t\t\n<\/div>\t\n\n[\/vc_column][\/vc_row][vc_row el_class=&#8221;call-to-action bg-color dark text-center&#8221; css=&#8221;.vc_custom_1453975681358{padding-top: 60px !important;padding-bottom: 60px !important;}&#8221;][vc_column]\t\t\t\n\t<!-- Element: OT Button --> \n\t\t\t<a href=\"https:\/\/duccahome.com\/tr\/bizeulasin\/\" target=\"_self\" class=\"btn btn-line-black btn-big  \">\u0130leti\u015fime ge\u00e7in<\/a>\n\t    \n[\/vc_column][\/vc_row]<\/p>\n<\/div>","protected":false},"excerpt":{"rendered":"<p>[vc_row css=&#8221;.vc_custom_1453975727142{padding-top: 90px !important;padding-bottom: 30px !important;}&#8221;][vc_column][\/vc_column][\/vc_row][vc_row el_class=&#8221;call-to-action bg-color dark text-center&#8221; css=&#8221;.vc_custom_1453975681358{padding-top: 60px !important;padding-bottom: 60px !important;}&#8221;][vc_column][\/vc_column][\/vc_row]<\/p>\n","protected":false},"author":1,"featured_media":0,"parent":0,"menu_order":0,"comment_status":"closed","ping_status":"closed","template":"page-templates\/template-fullwidth.php","meta":[],"_links":{"self":[{"href":"https:\/\/duccahome.com\/tr\/wp-json\/wp\/v2\/pages\/915"}],"collection":[{"href":"https:\/\/duccahome.com\/tr\/wp-json\/wp\/v2\/pages"}],"about":[{"href":"https:\/\/duccahome.com\/tr\/wp-json\/wp\/v2\/types\/page"}],"author":[{"embeddable":true,"href":"https:\/\/duccahome.com\/tr\/wp-json\/wp\/v2\/users\/1"}],"replies":[{"embeddable":true,"href":"https:\/\/duccahome.com\/tr\/wp-json\/wp\/v2\/comments?post=915"}],"version-history":[{"count":5,"href":"https:\/\/duccahome.com\/tr\/wp-json\/wp\/v2\/pages\/915\/revisions"}],"predecessor-version":[{"id":1844,"href":"https:\/\/duccahome.com\/tr\/wp-json\/wp\/v2\/pages\/915\/revisions\/1844"}],"wp:attachment":[{"href":"https:\/\/duccahome.com\/tr\/wp-json\/wp\/v2\/media?parent=915"}],"curies":[{"name":"wp","href":"https:\/\/api.w.org\/{rel}","templated":true}]}}