{"id":229,"date":"2015-07-27T03:29:01","date_gmt":"2015-07-27T00:29:01","guid":{"rendered":"http:\/\/demo.oceanthemes.net\/archi\/?page_id=229"},"modified":"2023-01-20T18:05:15","modified_gmt":"2023-01-20T15:05:15","slug":"hakkimizda","status":"publish","type":"page","link":"https:\/\/duccahome.com\/tr\/hakkimizda\/","title":{"rendered":"HAKKIMIZDA"},"content":{"rendered":"<div class=\"wpb-content-wrapper\"><p>[vc_row fullwidth=&#8221;yes&#8221; css=&#8221;.vc_custom_1474447060420{background-position: 0 0 !important;background-repeat: no-repeat !important;}&#8221; el_class=&#8221;side-bg no-padding&#8221;][vc_column]\t<!-- Element: OT Quick Office -->\n\t<div class=\"side-bg\">\n\n\t\t<div class=\"image-container hidden-xs pull-left col-md-5\" style=\"background-image:url(https:\/\/duccahome.com\/wp-content\/uploads\/2017\/05\/wide6.jpg); ?>\" data-delay=\"0\"><\/div>\n\n\t\t<!-- Added this code in 26\/03\/2019 -->\n\t\t<img class=\"visible-xs img-responsive\" src=\"https:\/\/duccahome.com\/wp-content\/uploads\/2017\/05\/wide6.jpg\" \/>\n\n        <div class=\"container\">\n            <div class=\"row\">\n                <div class=\"inner-padding\">\n                    <div class=\"col-md-6 col-md-offset-6 wow fadeInRight\" data-wow-delay=\".2s\">\n                        <h2>DUCCA HOME - DETAYINDA MUTLULUK VAR<\/h2><br\/>\n                        Ducca Home , Siz de\u011ferli m\u00fc\u015fterilerimize mobilyadan hal\u0131ya , avizeden perdeye, duvar ka\u011f\u0131tlar\u0131ndan aksesuar\u0131na ,masadan dekorasyon e\u015fyalar\u0131na kadar evinizin her k\u00f6\u015fesini istedi\u011finiz gibi renklendirmenize yard\u0131mc\u0131 oluyoruz. Kalite standartlar\u0131 y\u00fcksek \u00fcr\u00fcnlerimiz ve profesyonel ekibimizle sizlerin memnuniyetini \u00f6nemsedi\u011fimiz kaliteli i\u015fler \u00e7\u0131karmak i\u00e7in buraday\u0131z. Detay\u0131nda Mutluluk Var slogan\u0131m\u0131z ile \u00e7\u0131kt\u0131\u011f\u0131m\u0131z bu yolda i\u015fleyi\u015fin ba\u015f\u0131ndan sonuna kadar detayl\u0131 bir \u00e7al\u0131\u015fma ile sizlere hizmet vermekteyiz. \u00d6rneklerle ilgili g\u00f6rseller i\u00e7in bizleri takip edebilirsiniz.<\/p>\n<p>Bizimle iletisime ge\u00e7meniz art\u0131k \u00e7ok kolay.<br \/>\nSosyal medya plaftormlar\u0131ndan bizleri takip edebilir ve mesaj b\u0131rakabilirsiniz. Ayr\u0131ca \u0130leti\u015fim b\u00f6l\u00fcm\u00fcnden detayl\u0131 ileti\u015fim bilgisi alabilirsiniz.                    <\/div>\n                    <div class=\"clearfix\"><\/div>\n                <\/div>\n            <\/div>\n        <\/div>\n\t<\/div>\n\n[\/vc_column][\/vc_row][vc_row fullwidth=&#8221;yes&#8221; css=&#8221;.vc_custom_1474447060420{background-position: 0 0 !important;background-repeat: no-repeat !important;}&#8221; el_class=&#8221;side-bg no-padding&#8221;][vc_column]\t<!-- Element: OT Quick Office -->\n\t<div class=\"side-bg\">\n\n\t\t<div class=\"image-container hidden-xs pull-right right0 col-md-5 col-md-offset-7\" style=\"background-image:url(https:\/\/duccahome.com\/wp-content\/uploads\/2017\/05\/wide2.jpg); ?>\" data-delay=\"0\"><\/div>\n\n\t\t<!-- Added this code in 26\/03\/2019 -->\n\t\t<img class=\"visible-xs img-responsive\" src=\"https:\/\/duccahome.com\/wp-content\/uploads\/2017\/05\/wide2.jpg\" \/>\n\n        <div class=\"container\">\n            <div class=\"row\">\n                <div class=\"inner-padding\">\n                    <div class=\"col-md-6 wow fadeInLeft\" data-wow-delay=\".2s\">\n                        <h2>Misyon<\/h2><br\/>\n                        Mobilya sekt\u00f6r\u00fcn\u00fcn \u00f6nde gelen tedarik\u00e7isi olmay\u0131, m\u00fc\u015fteri memnuniyetini sa\u011flamak i\u00e7in ayr\u0131cal\u0131kl\u0131 hizmet vermeyi, bir de\u011fer b\u00fct\u00fcn\u00fc \u00fcretmeyi hedefliyoruz. \u015eirketimiz bu ba\u015far\u0131s\u0131n\u0131; s\u0131n\u0131rs\u0131z m\u00fc\u015fteri memnuniyetini sa\u011flayan, kariyer geli\u015fimi ad\u0131mlar\u0131yla profesyonellikten \u00f6d\u00fcn vermeyen \u00e7al\u0131\u015fanlar\u0131na ve ayn\u0131 profesyonellikte hizmet sunumuna bor\u00e7ludur. Siz de\u011ferli m\u00fc\u015fterilerimizden ald\u0131\u011f\u0131m\u0131z g\u00fc\u00e7 ile her ge\u00e7en g\u00fcn daha da \u00e7ok geli\u015fen Ducca Home ailesi olarak, i\u00e7inde bulundu\u011fu sekt\u00f6rde en y\u00fcksek potansiyeli g\u00f6stererek maksimum ba\u015far\u0131y\u0131 hedeflemekle beraber, bu hedefte m\u00fc\u015fteri istekleri ve memnuniyetini daima \u00f6n planda tutmaktad\u0131r.<br \/>\n\u015eirketimiz ba\u015far\u0131ya ula\u015fmadaki program\u0131n\u0131, daima titizlikle haz\u0131rlanan \u00e7al\u0131\u015fma takvimine yayarak, alan\u0131nda en iyi hizmeti m\u00fc\u015fterisine temin ederken, kulland\u0131\u011f\u0131m\u0131z malzeme kalitesi ve markalar\u0131n bilinirli\u011fi, g\u00fcvenilirli\u011fini en \u00fcst seviyeye ta\u015f\u0131mak, \u015firketimizin misyonunu olu\u015fturmaktad\u0131r.                    <\/div>\n                    <div class=\"clearfix\"><\/div>\n                <\/div>\n            <\/div>\n        <\/div>\n\t<\/div>\n\n[\/vc_column][\/vc_row][vc_row fullwidth=&#8221;yes&#8221; css=&#8221;.vc_custom_1474447060420{background-position: 0 0 !important;background-repeat: no-repeat !important;}&#8221; el_class=&#8221;side-bg no-padding&#8221;][vc_column]\t<!-- Element: OT Quick Office -->\n\t<div class=\"side-bg\">\n\n\t\t<div class=\"image-container hidden-xs pull-left col-md-5\" style=\"background-image:url(https:\/\/duccahome.com\/wp-content\/uploads\/2017\/05\/wide4.jpg); ?>\" data-delay=\"0\"><\/div>\n\n\t\t<!-- Added this code in 26\/03\/2019 -->\n\t\t<img class=\"visible-xs img-responsive\" src=\"https:\/\/duccahome.com\/wp-content\/uploads\/2017\/05\/wide4.jpg\" \/>\n\n        <div class=\"container\">\n            <div class=\"row\">\n                <div class=\"inner-padding\">\n                    <div class=\"col-md-6 col-md-offset-6 wow fadeInRight\" data-wow-delay=\".2s\">\n                        <h2>Vizyon<\/h2><br\/>\n                        \u015eirketimiz, mobilya ve dekorasyon alan\u0131nda yapm\u0131\u015f oldu\u011fu \u00e7al\u0131\u015fmalarla; Kaliteli, yenilik\u00e7i, farkl\u0131 \u00fcr\u00fcnler ve tasar\u0131mlar ile hep daha ileriyi ve en iyiyi hedeflemekle beraber, bu hedeflerine ula\u015fmada \u015feffaf ve kaliteli hizmet anlay\u0131\u015f\u0131n\u0131 maksimum d\u00fczeyde \u00f6n plana \u00e7\u0131kartarak, gelecekteki projelerde yol g\u00f6sterici olmak\/olabilmek\u2026                    <\/div>\n                    <div class=\"clearfix\"><\/div>\n                <\/div>\n            <\/div>\n        <\/div>\n\t<\/div>\n\n[\/vc_column][\/vc_row][vc_row css=&#8221;.vc_custom_1440408697407{padding-top: 90px !important;padding-bottom: 90px !important;background-color: #111111 !important;}&#8221;][vc_column animate=&#8221;fadeinup&#8221; el_class=&#8221;container-4&#8243;]\n\t<!-- Element: OT Our Team --> \t \n    <!-- team member -->\n    <div class=\"de-team-list team-box wow fadeInUp\">\n    \t\t        <div class=\"team-pic\">\n\t        \t<img width=\"1080\" height=\"1080\" src=\"https:\/\/duccahome.com\/wp-content\/uploads\/2022\/10\/Adsiz-tasarim.png\" class=\"img-responsive\" alt=\"\" decoding=\"async\" loading=\"lazy\" srcset=\"https:\/\/duccahome.com\/wp-content\/uploads\/2022\/10\/Adsiz-tasarim.png 1080w, https:\/\/duccahome.com\/wp-content\/uploads\/2022\/10\/Adsiz-tasarim-300x300.png 300w, https:\/\/duccahome.com\/wp-content\/uploads\/2022\/10\/Adsiz-tasarim-1024x1024.png 1024w, https:\/\/duccahome.com\/wp-content\/uploads\/2022\/10\/Adsiz-tasarim-150x150.png 150w, https:\/\/duccahome.com\/wp-content\/uploads\/2022\/10\/Adsiz-tasarim-768x768.png 768w\" sizes=\"(max-width: 1080px) 100vw, 1080px\" title=\"Ads\u0131z tasar\u0131m\" \/>          \n\t        <\/div>\n                <div class=\"team-desc\">\n            <h3>\u0130NSTAGRAM<\/h3>\n            <p class=\"lead\">Sosyal medya platform<\/p>            <div class=\"small-border\"><\/div>\n            <p>\u0130nstagram hesab\u0131m\u0131z \u00fczerinden daha fazla mobilya se\u00e7enekleri g\u00f6rebilirsiniz.<\/p>            <div class=\"social\">\n                <a href=\"https:\/\/www.instagram.com\/duccahome\/\" target=\"_blank\"><i class=\"fa fa-instagram fa-lg\"><\/i><\/a>                                                            <\/div>\n        <\/div>\n    <\/div>\n    <!-- team close -->\n\n\n\t<!-- Element: OT Our Team --> \t \n    <!-- team member -->\n    <div class=\"de-team-list team-box wow fadeInUp\">\n    \t\t        <div class=\"team-pic\">\n\t        \t<img width=\"1080\" height=\"1080\" src=\"https:\/\/duccahome.com\/wp-content\/uploads\/2022\/10\/Adsiz-tasarim-2.png\" class=\"img-responsive\" alt=\"\" decoding=\"async\" loading=\"lazy\" srcset=\"https:\/\/duccahome.com\/wp-content\/uploads\/2022\/10\/Adsiz-tasarim-2.png 1080w, https:\/\/duccahome.com\/wp-content\/uploads\/2022\/10\/Adsiz-tasarim-2-300x300.png 300w, https:\/\/duccahome.com\/wp-content\/uploads\/2022\/10\/Adsiz-tasarim-2-1024x1024.png 1024w, https:\/\/duccahome.com\/wp-content\/uploads\/2022\/10\/Adsiz-tasarim-2-150x150.png 150w, https:\/\/duccahome.com\/wp-content\/uploads\/2022\/10\/Adsiz-tasarim-2-768x768.png 768w\" sizes=\"(max-width: 1080px) 100vw, 1080px\" title=\"Ads\u0131z tasar\u0131m (2)\" \/>          \n\t        <\/div>\n                <div class=\"team-desc\">\n            <h3>FACEBOOK<\/h3>\n            <p class=\"lead\">Sosyal medya platform<\/p>            <div class=\"small-border\"><\/div>\n            <p>Facebook sayfam\u0131z \u00fczerinden yeni mobilyalar\u0131m\u0131zla ilgili bilgi alabilir ve bizimle ileti\u015fime ge\u00e7ebilirsiniz.<\/p>            <div class=\"social\">\n                <a href=\"https:\/\/www.facebook.com\/duccahomealanyam\" target=\"_blank\"><i class=\"fa fa-facebook fa-lg\"><\/i><\/a>                                                            <\/div>\n        <\/div>\n    <\/div>\n    <!-- team close -->\n\n\n\t<!-- Element: OT Our Team --> \t \n    <!-- team member -->\n    <div class=\"de-team-list team-box wow fadeInUp\">\n    \t\t        <div class=\"team-pic\">\n\t        \t<img width=\"1080\" height=\"1080\" src=\"https:\/\/duccahome.com\/wp-content\/uploads\/2022\/10\/Adsiz-tasarim-4.png\" class=\"img-responsive\" alt=\"\" decoding=\"async\" loading=\"lazy\" srcset=\"https:\/\/duccahome.com\/wp-content\/uploads\/2022\/10\/Adsiz-tasarim-4.png 1080w, https:\/\/duccahome.com\/wp-content\/uploads\/2022\/10\/Adsiz-tasarim-4-300x300.png 300w, https:\/\/duccahome.com\/wp-content\/uploads\/2022\/10\/Adsiz-tasarim-4-1024x1024.png 1024w, https:\/\/duccahome.com\/wp-content\/uploads\/2022\/10\/Adsiz-tasarim-4-150x150.png 150w, https:\/\/duccahome.com\/wp-content\/uploads\/2022\/10\/Adsiz-tasarim-4-768x768.png 768w\" sizes=\"(max-width: 1080px) 100vw, 1080px\" title=\"Ads\u0131z tasar\u0131m (4)\" \/>          \n\t        <\/div>\n                <div class=\"team-desc\">\n            <h3>YOUTUBE<\/h3>\n            <p class=\"lead\">Sosyal medya platform<\/p>            <div class=\"small-border\"><\/div>\n            <p>\u00d6zel olarak tasarlanm\u0131\u015f projelerimiz ve ma\u011faza i\u00e7erisinden \u00fcr\u00fcnleri g\u00f6rebilmek i\u00e7in bizleri Youtube \u00fczerinden abone olabilirsiniz.<\/p>            <div class=\"social\">\n                <a href=\"https:\/\/www.youtube.com\/channel\/UC0W60c7ttESd_cUxR6f6kew\" target=\"_blank\"><i class=\"fa fa-youtube fa-lg\"><\/i><\/a>                                                            <\/div>\n        <\/div>\n    <\/div>\n    <!-- team close -->\n\n\n\t<!-- Element: OT Our Team --> \t \n    <!-- team member -->\n    <div class=\"de-team-list team-box wow fadeInUp\">\n    \t\t        <div class=\"team-pic\">\n\t        \t<img width=\"1080\" height=\"1080\" src=\"https:\/\/duccahome.com\/wp-content\/uploads\/2022\/10\/Adsiz-tasarim-3.png\" class=\"img-responsive\" alt=\"\" decoding=\"async\" loading=\"lazy\" srcset=\"https:\/\/duccahome.com\/wp-content\/uploads\/2022\/10\/Adsiz-tasarim-3.png 1080w, https:\/\/duccahome.com\/wp-content\/uploads\/2022\/10\/Adsiz-tasarim-3-300x300.png 300w, https:\/\/duccahome.com\/wp-content\/uploads\/2022\/10\/Adsiz-tasarim-3-1024x1024.png 1024w, https:\/\/duccahome.com\/wp-content\/uploads\/2022\/10\/Adsiz-tasarim-3-150x150.png 150w, https:\/\/duccahome.com\/wp-content\/uploads\/2022\/10\/Adsiz-tasarim-3-768x768.png 768w\" sizes=\"(max-width: 1080px) 100vw, 1080px\" title=\"Ads\u0131z tasar\u0131m (3)\" \/>          \n\t        <\/div>\n                <div class=\"team-desc\">\n            <h3>TW\u0130TTER<\/h3>\n            <p class=\"lead\">Sosyal medya platform<\/p>            <div class=\"small-border\"><\/div>\n            <p>G\u00fcndemin takibini Twitter&#8217;dan yapanlar yeni ve modern mobilyalar\u0131 twitter \u00fczerinden g\u00f6rmeniz i\u00e7in bizleri takip edebilirsiniz.<\/p>            <div class=\"social\">\n                <a href=\"https:\/\/mobile.twitter.com\/DuccaHome\" target=\"_blank\"><i class=\"fa fa-twitter fa-lg\"><\/i><\/a>                                                            <\/div>\n        <\/div>\n    <\/div>\n    <!-- team close -->\n\n[vc_row_inner css=&#8221;.vc_custom_1674225170970{border-radius: 15px !important;}&#8221;][vc_column_inner]\t<!-- Element: OT Clients Logo -->\n    <div class=\"logo-carousel\">\n        <ul id=\"logo-carousel-69e50b79001c8\" class=\"slides\">\n            \t            <li>\n\t\t\t\t\t\t\t\t\t\t\t<img src=\"https:\/\/duccahome.com\/wp-content\/uploads\/2023\/01\/idas-1.png\" alt=\"\" title=\"ida\u015f\" >\n\t\t\t\t\t    \n\t            <\/li>\n            \t            <li>\n\t\t\t\t\t\t\t\t\t\t\t<img src=\"https:\/\/duccahome.com\/wp-content\/uploads\/2023\/01\/rixxehome.png\" alt=\"\" title=\"rixxehome\" >\n\t\t\t\t\t    \n\t            <\/li>\n            \t            <li>\n\t\t\t\t\t\t\t\t\t\t\t<img src=\"https:\/\/duccahome.com\/wp-content\/uploads\/2023\/01\/orix.png\" alt=\"\" title=\"orix\" >\n\t\t\t\t\t    \n\t            <\/li>\n            \t            <li>\n\t\t\t\t\t\t\t\t\t\t\t<img src=\"https:\/\/duccahome.com\/wp-content\/uploads\/2023\/01\/newmood.png\" alt=\"\" title=\"newmood\" >\n\t\t\t\t\t    \n\t            <\/li>\n            \t            <li>\n\t\t\t\t\t\t\t\t\t\t\t<img src=\"https:\/\/duccahome.com\/wp-content\/uploads\/2023\/01\/logo-gabba.png\" alt=\"\" title=\"logo-gabba\" >\n\t\t\t\t\t    \n\t            <\/li>\n            \t            <li>\n\t\t\t\t\t\t\t\t\t\t\t<img src=\"https:\/\/duccahome.com\/wp-content\/uploads\/2023\/01\/FAMILY.png\" alt=\"\" title=\"FAMILY\" >\n\t\t\t\t\t    \n\t            <\/li>\n            \t            <li>\n\t\t\t\t\t\t\t\t\t\t\t<img src=\"https:\/\/duccahome.com\/wp-content\/uploads\/2023\/01\/bigeakbaba.png\" alt=\"\" title=\"bigeakbaba\" >\n\t\t\t\t\t    \n\t            <\/li>\n            \t            <li>\n\t\t\t\t\t\t\t\t\t\t\t<img src=\"https:\/\/duccahome.com\/wp-content\/uploads\/2023\/01\/asoda.png\" alt=\"\" title=\"asoda\" >\n\t\t\t\t\t    \n\t            <\/li>\n            \t            <li>\n\t\t\t\t\t\t\t\t\t\t\t<img src=\"https:\/\/duccahome.com\/wp-content\/uploads\/2023\/01\/ARREDA.png\" alt=\"\" title=\"ARREDA\" >\n\t\t\t\t\t    \n\t            <\/li>\n                    <\/ul>\n    <\/div> \n    <script type=\"text\/javascript\">\n    \tjQuery(document).ready(function() {\t\t\n\t\t\t'use strict';\n\t\t\tjQuery(\"#logo-carousel-69e50b79001c8\").owlCarousel({\n\t\t\t    items : 6,\n\t\t\t    itemsDesktop : [1199, 4],\n\t\t        itemsDesktopSmall : [979, 3],\n\t\t        itemsTablet : [768, 3],\n\t\t        itemsTabletSmall : [767, 2],\n\t\t        itemsMobile : [479, 1],\n\t\t\t    navigation : false,\n\t\t\t\tpagination : false,\n\t\t\t\tautoPlay : true\n\t\t    });\t\n\t\t    \/\/ --------------------------------------------------\t\n\t\t\t\/\/  logo carousel hover\n\t\t\tjQuery(\"#logo-carousel-69e50b79001c8 img\").on(\"mouseenter\", function () {\n\t\t\t \tjQuery(this).fadeTo(150,.5);\n\t\t\t}).on(\"mouseleave\", function () {\n\t\t\t \tjQuery(this).fadeTo(150,1);\t \n\t\t  \t})\t   \n\t\t});\n    <\/script>\n[\/vc_column_inner][\/vc_row_inner][\/vc_column][\/vc_row][vc_row css=&#8221;.vc_custom_1495706002495{padding-top: 90px !important;padding-bottom: 90px !important;background-image: url(https:\/\/duccahome.com\/wp-content\/uploads\/2015\/07\/bg-3.jpg?id=185) !important;background-position: center !important;background-repeat: no-repeat !important;background-size: cover !important;}&#8221; el_class=&#8221;bg-fixed&#8221;][vc_column animate=&#8221;fadeinup&#8221;]\n\t<!-- Element: OT Heading --> \t \n\t<h1 class=\"ot_custom_heading  \" style=\"text-align: center;color: #ffffff;\" >S\u0130ZLERDEN GELEN YORUMLAR<\/h1>\t\n\t<!-- Element: OT Line solid --> \t \n\t<div class=\" separator \"><span><i class=\"fa fa-circle\"><\/i><\/span><\/div>\n\t<div class=\"spacer-single\"><\/div>\t      \n[\/vc_column][vc_column]\t<!-- Element: OT Testimonial Silder -->\t\n\t<div id=\"testimonial-carousel-69e50b790287c\" class=\"de_carousel  wow fadeInUp\" data-wow-delay=\".3s\">\n\t        <div class=\"col-md-6 item\">\n            <div class=\"de_testi\">\n                <blockquote>\n                    <p>Alanya&#8217;da mobilya al\u0131\u015fveri\u015fi yaparken bu ma\u011fazay\u0131 kontrol etmeyi unutmay\u0131n.<br \/>\nMarina, kibar ve yard\u0131msever bir sat\u0131\u015f eleman\u0131d\u0131r.<br \/>\nGenel m\u00fcd\u00fcr hakk\u0131ndaki tek k\u00f6t\u00fc ele\u015ftiriden endi\u015felenmeyin, bir i\u015f adam\u0131 olarak s\u00f6zle\u015fme imzalamas\u0131 gayet iyi.<\/p>\n                    <div class=\"de_testi_by no-margin\">\n\n                    \t\n\t\t\t\t\t\t<div >\n                        \tSamudro P.                        <\/div>\n\n                    <\/div>\n                <\/blockquote>\n\n            <\/div>\n        <\/div>\n                <div class=\"col-md-6 item\">\n            <div class=\"de_testi\">\n                <blockquote>\n                    <p>Harika \u00fcr\u00fcnler , inan\u0131lmaz bir ekip .Ma\u011faza i\u00e7erisinde birbirinden farkl\u0131 o kadar \u00e7ok \u00fcr\u00fcn var ki inan\u0131lmazd\u0131. Bence Alanya&#8217;da gidilebilecek en iyi mobilya ma\u011fazas\u0131. Herkese \u015fiddetle tavsiye ediyorum. Ba\u015far\u0131lar\u0131n\u0131n devam\u0131n\u0131 diliyorum. Te\u015fekk\u00fcrler<\/p>\n                    <div class=\"de_testi_by no-margin\">\n\n                    \t\n\t\t\t\t\t\t<div >\n                        \tBuse G.                        <\/div>\n\n                    <\/div>\n                <\/blockquote>\n\n            <\/div>\n        <\/div>\n                <div class=\"col-md-6 item\">\n            <div class=\"de_testi\">\n                <blockquote>\n                    <p>M\u00fc\u015fteri memnuniyeti daima \u00f6n planda \u2026 g\u00fcvenle al\u0131\u015fveri\u015f yapabilece\u011finiz bir mobilya firmas\u0131 , bir \u00e7ok mobilya ma\u011fazas\u0131na gezmenize gerek yok , arad\u0131\u011f\u0131n\u0131z\u0131 orada bulaca\u011f\u0131n\u0131z konusunda endi\u015feniz olmas\u0131n ??\u200d\u2642\ufe0f<\/p>\n                    <div class=\"de_testi_by no-margin\">\n\n                    \t\n\t\t\t\t\t\t<div >\n                        \tKatarina Y.                        <\/div>\n\n                    <\/div>\n                <\/blockquote>\n\n            <\/div>\n        <\/div>\n            <\/div>\n    <script type=\"text\/javascript\">\n    \tjQuery(document).ready(function() {\t\t\n\t\t\t'use strict';\n\t\t\tjQuery(\"#testimonial-carousel-69e50b790287c\").owlCarousel({\n\t\t\t    items : 2,\n\t\t\t\titemsDesktop : [1199,2],\n\t\t\t\titemsDesktopSmall : [980,2],\n\t\t\t    itemsTablet: [768,1],\n\t\t\t    itemsTabletSmall: false,\n\t\t\t    itemsMobile : [479,1],\n\t\t\t    navigation : false,\n\t\t\t\tautoHeight : false,\n\t\t\t\tautoPlay : false,\n\t\t\t\tslideSpeed : 200,\n\t\t        paginationSpeed : 800,\n\t\t        rewindSpeed : 1000,\n\t\t   \t\tnavigationText : ['', ''],\n\t\t    });\n\t\t});\n    <\/script>\n[\/vc_column][\/vc_row][vc_row fullwidth=&#8221;yes&#8221; css=&#8221;.vc_custom_1442204650520{padding-top: 60px !important;padding-bottom: 60px !important;}&#8221; el_class=&#8221;call-to-action bg-color text-center&#8221;][vc_column]\t\t\t\n\t<!-- Element: OT Button --> \n\t\t\t<a href=\"https:\/\/duccahome.com\/tr\/bizeulasin\/\" target=\"_self\" class=\"btn btn-line-black btn-big  \">Bizimle ileti\u015fime ge\u00e7in<\/a>\n\t    \n[\/vc_column][\/vc_row]<\/p>\n<\/div>","protected":false},"excerpt":{"rendered":"<p>[vc_row fullwidth=&#8221;yes&#8221; css=&#8221;.vc_custom_1474447060420{background-position: 0 0 !important;background-repeat: no-repeat !important;}&#8221; el_class=&#8221;side-bg no-padding&#8221;][vc_column][\/vc_column][\/vc_row][vc_row fullwidth=&#8221;yes&#8221; css=&#8221;.vc_custom_1474447060420{background-position: 0 0 !important;background-repeat: no-repeat !important;}&#8221; el_class=&#8221;side-bg no-padding&#8221;][vc_column][\/vc_column][\/vc_row][vc_row fullwidth=&#8221;yes&#8221; css=&#8221;.vc_custom_1474447060420{background-position: 0 0 !important;background-repeat: no-repeat !important;}&#8221; el_class=&#8221;side-bg no-padding&#8221;][vc_column][\/vc_column][\/vc_row][vc_row css=&#8221;.vc_custom_1440408697407{padding-top: 90px !important;padding-bottom: 90px !important;background-color: #111111 !important;}&#8221;][vc_column animate=&#8221;fadeinup&#8221; el_class=&#8221;container-4&#8243;][vc_row_inner css=&#8221;.vc_custom_1674225170970{border-radius: 15px !important;}&#8221;][vc_column_inner][\/vc_column_inner][\/vc_row_inner][\/vc_column][\/vc_row][vc_row css=&#8221;.vc_custom_1495706002495{padding-top: 90px !important;padding-bottom: 90px !important;background-image: url(https:\/\/duccahome.com\/wp-content\/uploads\/2015\/07\/bg-3.jpg?id=185) !important;background-position: center !important;background-repeat: no-repeat !important;background-size: cover !important;}&#8221; el_class=&#8221;bg-fixed&#8221;][vc_column animate=&#8221;fadeinup&#8221;][\/vc_column][vc_column][\/vc_column][\/vc_row][vc_row [&hellip;]<\/p>\n","protected":false},"author":1,"featured_media":0,"parent":0,"menu_order":0,"comment_status":"closed","ping_status":"closed","template":"page-templates\/template-fullwidth.php","meta":[],"_links":{"self":[{"href":"https:\/\/duccahome.com\/tr\/wp-json\/wp\/v2\/pages\/229"}],"collection":[{"href":"https:\/\/duccahome.com\/tr\/wp-json\/wp\/v2\/pages"}],"about":[{"href":"https:\/\/duccahome.com\/tr\/wp-json\/wp\/v2\/types\/page"}],"author":[{"embeddable":true,"href":"https:\/\/duccahome.com\/tr\/wp-json\/wp\/v2\/users\/1"}],"replies":[{"embeddable":true,"href":"https:\/\/duccahome.com\/tr\/wp-json\/wp\/v2\/comments?post=229"}],"version-history":[{"count":39,"href":"https:\/\/duccahome.com\/tr\/wp-json\/wp\/v2\/pages\/229\/revisions"}],"predecessor-version":[{"id":1909,"href":"https:\/\/duccahome.com\/tr\/wp-json\/wp\/v2\/pages\/229\/revisions\/1909"}],"wp:attachment":[{"href":"https:\/\/duccahome.com\/tr\/wp-json\/wp\/v2\/media?parent=229"}],"curies":[{"name":"wp","href":"https:\/\/api.w.org\/{rel}","templated":true}]}}