{"id":1561,"date":"2017-06-05T08:33:43","date_gmt":"2017-06-05T08:33:43","guid":{"rendered":"http:\/\/demo.archiwp.com\/?page_id=1561"},"modified":"2017-06-05T08:33:43","modified_gmt":"2017-06-05T08:33:43","slug":"contact-2","status":"publish","type":"page","link":"https:\/\/duccahome.com\/tr\/contact-2\/","title":{"rendered":"Contact 2"},"content":{"rendered":"<div class=\"wpb-content-wrapper\"><p>[vc_row css=&#8221;.vc_custom_1496651667970{padding-top: 90px !important;padding-bottom: 90px !important;}&#8221;][vc_column]\n\t<!-- Element: OT Heading --> \t \n\t<h3 class=\"ot_custom_heading  \" style=\"\" >Find Us On Google<\/h3>\t\n[vc_empty_space height=&#8221;10px&#8221;]    <!-- Element: OT Multiple Google Maps --> \t \n\t<div class=\"row\">\n\t\t<div class=\"col-md-3\">\n\t\t\t<div class=\"sidebar-left sidebar-control-map\">\n\t\t\t\t<div id=\"controls\"><\/div>\n\t\t\t<\/div>\n   \t\t<\/div>\n\t\t<div class=\"col-md-9\">\n\t\t\t<div id=\"gmap-69d7325cb7380\" style=\"height: 320px;\"><\/div>\n\t\t<\/div>\n\t<\/div>    \t    \n\n\t<script type=\"text\/javascript\">\t\n\t\t(function($) { \"use strict\"\n\t\t\tvar LocsA = [\n\t\t\t\t\t\t\t\t\t{\n\t\t\t\t\t\tlat: 37.774509,\n\t\t\t\t\t\tlon: -122.411727,\n\t\t\t\t\t\ttitle: 'San Francisco',\n\t\t\t\t\t\thtml: [ \n\t\t\t\t\t\t\t\t\t\t\t\t\t\t'<h3>We in  San Francisco<\/h3>',\t\t\t\t\t\t\t'<p>24\/7 Support<\/p>',\t\t\t\t\t\t\t\t\t\t\t\t\t\t\t\t\t\t\t\t\t\t\t\t\t\t\t\t\t\t\t\t\t\t].join(''),\n\t\t\t\t\t\ticon: 'https:\/\/duccahome.com\/wp-content\/uploads\/2015\/07\/map-marker.png',\n\t\t\t\t\t\tanimation: google.maps.Animation.DROP,\n\t\t\t\t\t\tzoom:10\t\t\t\t\t},\n\t\t\t\t\t\t\t\t\t{\n\t\t\t\t\t\tlat: 34.298450,\n\t\t\t\t\t\tlon: -111.714435,\n\t\t\t\t\t\ttitle: 'Arizona',\n\t\t\t\t\t\thtml: [ \n\t\t\t\t\t\t\t\t\t\t\t\t\t\t'<h3>We in Arizona<\/h3>',\t\t\t\t\t\t\t\t\t\t\t\t\t\t\t\t\t\t\t\t\t\t\t\t\t\t\t\t\t\t\t\t\t\t\t\t\t\t\t\t\t].join(''),\n\t\t\t\t\t\ticon: 'https:\/\/duccahome.com\/wp-content\/uploads\/2015\/07\/map-marker.png',\n\t\t\t\t\t\tanimation: google.maps.Animation.DROP,\n\t\t\t\t\t\tzoom:4\t\t\t\t\t},\n\t\t\t\t\t\t\t\t\t{\n\t\t\t\t\t\tlat: 35.775319,\n\t\t\t\t\t\tlon: -79.708533,\n\t\t\t\t\t\ttitle: 'North Carolina',\n\t\t\t\t\t\thtml: [ \n\t\t\t\t\t\t\t\t\t\t\t\t\t\t'<h3>We in North Carolina<\/h3>',\t\t\t\t\t\t\t'<p>We Are Architect<\/p>',\t\t\t\t\t\t\t\t\t\t\t\t\t\t\t\t\t\t\t\t\t\t\t\t\t\t\t\t\t\t\t\t\t\t].join(''),\n\t\t\t\t\t\ticon: 'https:\/\/duccahome.com\/wp-content\/uploads\/2015\/07\/map-marker.png',\n\t\t\t\t\t\tanimation: google.maps.Animation.DROP,\n\t\t\t\t\t\tzoom:4\t\t\t\t\t},\n\t\t\t\t\t\t\t\t\t{\n\t\t\t\t\t\tlat: 39.952644,\n\t\t\t\t\t\tlon: -75.165247,\n\t\t\t\t\t\ttitle: 'Philadelphia',\n\t\t\t\t\t\thtml: [ \n\t\t\t\t\t\t\t\t\t\t\t\t\t\t'<h3>We in Philadelphia<\/h3>',\t\t\t\t\t\t\t'<p>4th floor, 129 Hudson St, Philadelphia<\/p>',\t\t\t\t\t\t\t\t\t\t\t\t\t\t\t\t\t\t\t\t\t\t\t\t\t\t\t\t\t\t\t\t\t\t].join(''),\n\t\t\t\t\t\ticon: 'https:\/\/duccahome.com\/wp-content\/uploads\/2015\/07\/map-marker.png',\n\t\t\t\t\t\tanimation: google.maps.Animation.DROP,\n\t\t\t\t\t\tzoom:8\t\t\t\t\t},\n\t\t\t\t\t\t\t];\n\n\t\t\tnew Maplace({\n\t\t\t\tlocations: LocsA,\n\t\t\t\tmap_div: '#gmap-69d7325cb7380',\n\t\t\t\tcontrols_type: 'list',\n\t\t\t\tcontrols_on_map: false,\n\t\t\t\tview_all_text: 'View All',\n\t\t\t\tmap_options: {\n\t\t\t\t\tscrollwheel: false\n\t\t\t\t},\n\t\t\t\tstart: 0,\n\t\t\t\tstyles: {\n\t\t\t\t\t'Night': [{\n\t\t\t\t\t\tfeatureType: 'all',\n\t\t\t\t\t\tstylers: [\n\t\t\t\t\t\t\t{ invert_lightness: 'true' }\n\t\t\t\t\t\t]\n\t\t\t\t\t}],\n\t\t\t\t\t'Greyscale': [{\n\t\t\t\t\t\tfeatureType: 'all',\n\t\t\t\t\t\tstylers: [\n\t\t\t\t\t\t\t{ saturation: -100 },\n\t\t\t\t\t\t\t{ gamma: 0.50 }\n\t\t\t\t\t\t]\n\t\t\t\t\t}],\t\t\t\t\t\n\t\t\t\t\t\"Ultra Light\": \n\t\t\t\t\t[{\"stylers\":[{\"hue\":\"#ff1a00\"},{\"invert_lightness\":true},{\"saturation\":-100},{\"lightness\":33},{\"gamma\":0.5}]},{\"featureType\":\"water\",\"elementType\":\"geometry\",\"stylers\":[{\"color\":\"#2D333C\"}]}],\n\t\t\t\t} \n\t\t\t}).Load();\n\t\t})(jQuery);   \t\n\t<\/script>\n[\/vc_column][\/vc_row][vc_row][vc_column][vc_column_text]<\/p>\n<p>[\/vc_column_text][\/vc_column][\/vc_row][vc_row css=&#8221;.vc_custom_1438577300524{padding-bottom: 90px !important;}&#8221;][vc_column width=&#8221;2\/3&#8243; wap_class=&#8221;wow fadeInUp&#8221;]\n\t<!-- Element: OT Heading --> \t \n\t<h3 class=\"ot_custom_heading  \" style=\"\" >SEND US MESSAGE<\/h3>\t\n[vc_empty_space height=&#8221;10px&#8221;]\n<div class=\"wpcf7 no-js\" id=\"wpcf7-f283-o1\" lang=\"en-US\" dir=\"ltr\">\n<div class=\"screen-reader-response\"><p role=\"status\" aria-live=\"polite\" aria-atomic=\"true\"><\/p> <ul><\/ul><\/div>\n<form action=\"\/tr\/wp-json\/wp\/v2\/pages\/1561#wpcf7-f283-o1\" method=\"post\" class=\"wpcf7-form init\" aria-label=\"Contact form\" novalidate=\"novalidate\" data-status=\"init\">\n<div style=\"display: none;\">\n<input type=\"hidden\" name=\"_wpcf7\" value=\"283\" \/>\n<input type=\"hidden\" name=\"_wpcf7_version\" value=\"5.7.7\" \/>\n<input type=\"hidden\" name=\"_wpcf7_locale\" value=\"en_US\" \/>\n<input type=\"hidden\" name=\"_wpcf7_unit_tag\" value=\"wpcf7-f283-o1\" \/>\n<input type=\"hidden\" name=\"_wpcf7_container_post\" value=\"0\" \/>\n<input type=\"hidden\" name=\"_wpcf7_posted_data_hash\" value=\"\" \/>\n<\/div>\n<div class=\"row\">\n\t<div class=\"col-md-4\">\n\t\t<div>\n\t\t\t<p><span class=\"wpcf7-form-control-wrap\" data-name=\"your-name\"><input size=\"40\" class=\"wpcf7-form-control wpcf7-text wpcf7-validates-as-required\" aria-required=\"true\" aria-invalid=\"false\" placeholder=\"Ad\u0131n\u0131z Soyad\u0131n\u0131z :\" value=\"\" type=\"text\" name=\"your-name\" \/><\/span>\n\t\t\t<\/p>\n\t\t<\/div>\n\t\t<div>\n\t\t\t<p><span class=\"wpcf7-form-control-wrap\" data-name=\"your-email\"><input size=\"40\" class=\"wpcf7-form-control wpcf7-text wpcf7-email wpcf7-validates-as-required wpcf7-validates-as-email\" aria-required=\"true\" aria-invalid=\"false\" placeholder=\"Mail adresiniz :\" value=\"\" type=\"email\" name=\"your-email\" \/><\/span>\n\t\t\t<\/p>\n\t\t<\/div>\n\t\t<div>\n\t\t\t<p><span class=\"wpcf7-form-control-wrap\" data-name=\"your-phone\"><input size=\"40\" class=\"wpcf7-form-control wpcf7-text wpcf7-tel wpcf7-validates-as-required wpcf7-validates-as-tel\" aria-required=\"true\" aria-invalid=\"false\" placeholder=\"Telefon Numaran\u0131z :\" value=\"\" type=\"tel\" name=\"your-phone\" \/><\/span>\n\t\t\t<\/p>\n\t\t<\/div>\n\t<\/div>\n\t<div class=\"col-md-8\">\n\t\t<div>\n\t\t\t<p>[textarea* Bizimle hangi konuda g\u00f6r\u00fc\u015fmek istiyorsan\u0131z k\u0131saca yaz\u0131n\u0131z.\"]\n\t\t\t<\/p>\n\t\t<\/div>\n\t<\/div>\n\t<div class=\"col-md-12\">\n\t\t<p id=\"submit\"><input class=\"wpcf7-form-control has-spinner wpcf7-submit btn btn-line\" type=\"submit\" value=\"Submit Form\" \/>\n\t\t<\/p>\n\t<\/div>\n<\/div><div class=\"wpcf7-response-output\" aria-hidden=\"true\"><\/div>\n<\/form>\n<\/div>\n[\/vc_column][vc_column width=&#8221;1\/3&#8243; wap_class=&#8221;wow fadeInUp&#8221;]\n\t<!-- Element: OT Heading --> \t \n\t<h3 class=\"ot_custom_heading  \" style=\"\" >CONTACT INFO<\/h3>\t\n[vc_column_text]<\/p>\n<address>\n<div>100 Mainstreet Center, Sydney<\/div>\n<div><strong>Phone:<\/strong>(208) 333 9296<\/div>\n<div><strong>Fax:<\/strong>(208) 333 9298<\/div>\n<div><strong>Email:<\/strong><a href=\"mailto:contact@example.com\">contact@example.com<\/a><\/div>\n<div><strong>Web:<\/strong><a href=\"#test\">http:\/\/example.com<\/a><\/div>\n<div><strong>Open<\/strong>Sunday &#8211; Friday 08:00 &#8211; 18:00<\/div>\n<\/address>\n<p>[\/vc_column_text][\/vc_column][\/vc_row]<\/p>\n<\/div>","protected":false},"excerpt":{"rendered":"<p>[vc_row css=&#8221;.vc_custom_1496651667970{padding-top: 90px !important;padding-bottom: 90px !important;}&#8221;][vc_column][vc_empty_space height=&#8221;10px&#8221;][\/vc_column][\/vc_row][vc_row][vc_column][vc_column_text] [\/vc_column_text][\/vc_column][\/vc_row][vc_row css=&#8221;.vc_custom_1438577300524{padding-bottom: 90px !important;}&#8221;][vc_column width=&#8221;2\/3&#8243; wap_class=&#8221;wow fadeInUp&#8221;][vc_empty_space height=&#8221;10px&#8221;][\/vc_column][vc_column width=&#8221;1\/3&#8243; wap_class=&#8221;wow fadeInUp&#8221;][vc_column_text] 100 Mainstreet Center, Sydney Phone:(208) 333 9296 Fax:(208) 333 9298 Email:contact@example.com Web:http:\/\/example.com OpenSunday &#8211; Friday 08:00 &#8211; 18:00 [\/vc_column_text][\/vc_column][\/vc_row]<\/p>\n","protected":false},"author":1,"featured_media":0,"parent":0,"menu_order":0,"comment_status":"closed","ping_status":"closed","template":"page-templates\/template-fullwidth.php","meta":[],"_links":{"self":[{"href":"https:\/\/duccahome.com\/tr\/wp-json\/wp\/v2\/pages\/1561"}],"collection":[{"href":"https:\/\/duccahome.com\/tr\/wp-json\/wp\/v2\/pages"}],"about":[{"href":"https:\/\/duccahome.com\/tr\/wp-json\/wp\/v2\/types\/page"}],"author":[{"embeddable":true,"href":"https:\/\/duccahome.com\/tr\/wp-json\/wp\/v2\/users\/1"}],"replies":[{"embeddable":true,"href":"https:\/\/duccahome.com\/tr\/wp-json\/wp\/v2\/comments?post=1561"}],"version-history":[{"count":0,"href":"https:\/\/duccahome.com\/tr\/wp-json\/wp\/v2\/pages\/1561\/revisions"}],"wp:attachment":[{"href":"https:\/\/duccahome.com\/tr\/wp-json\/wp\/v2\/media?parent=1561"}],"curies":[{"name":"wp","href":"https:\/\/api.w.org\/{rel}","templated":true}]}}