{"id":1075,"date":"2016-09-23T09:42:12","date_gmt":"2016-09-23T09:42:12","guid":{"rendered":"http:\/\/demo.oceanthemes.net\/archi\/?page_id=1075"},"modified":"2016-09-23T09:42:12","modified_gmt":"2016-09-23T09:42:12","slug":"home-youtube-video","status":"publish","type":"page","link":"https:\/\/duccahome.com\/tr\/home-youtube-video\/","title":{"rendered":"Home Youtube Video"},"content":{"rendered":"<div class=\"wpb-content-wrapper\"><p>[vc_row fullwidth=&#8221;yes&#8221;][vc_column]\n\t<!-- youtube video background begin -->\n    <div id=\"section-video-bg\" class=\"full-height no-padding\" data-speed=\"5\" data-type=\"background\">\n        <div class=\"de-video-container\">\n            <div class=\"de-video-content\">\n                <div class=\"text-center\">\n\n                \t<div class=\"spacer-double\"><\/div>\n\t\t\t\t\t<div class=\"text-slider style-2 border-deco\">\n\t\t\t\t\t\t\t\t\t\t\t \n\t\t\t\t\t\t\t<div class=\"text-item\">Welcome To Archi<\/div>    \n\t\t\t\t\t\t\t\t\t\t\t \n\t\t\t\t\t\t\t<div class=\"text-item\">Interior Design<\/div>    \n\t\t\t\t\t\t\t\t\t\t\t \n\t\t\t\t\t\t\t<div class=\"text-item\">Awards Winning<\/div>    \n\t\t\t\t\t\t\t\t\t\t\t<\/div>\n\n\t\t\t\t\t<div class=\"spacer-double\"><\/div>\n\t\t\t        <a class=\"btn-slider border-op-20\" href=\"https:\/\/themeforest.net\/user\/oceanthemes\/portfolio\" title=\"View Our Works\" target=\"_blank\" >View Our Works<\/a>                <\/div>\n            <\/div>\n\n                        \t<div class=\"de-video-overlay\"><\/div>\n                        \n\t\t\t\n\t\t\t<!-- Video Background - Here you need to replace the videoURL with your youtube video URL -->\n\t\t\t<a id=\"bgndVideo\" class=\"player\" data-property=\"{videoURL:'Pn1zipY-sqk',containment:'#section-video-bg',autoPlay:true, mute:false, startAt:5, opacity:1}\">youtube<\/a>\n        <\/div>\n    <\/div>\n    <!-- youtube video background close -->\t\n[\/vc_column][\/vc_row][vc_row css=&#8221;.vc_custom_1495442187204{padding-top: 90px !important;padding-bottom: 60px !important;}&#8221;][vc_column animate=&#8221;fadeinup&#8221;]\n\t<!-- Element: OT Heading --> \t \n\t<h1 class=\"ot_custom_heading  \" style=\"text-align: center;\" >WHAT WE DO<\/h1>\t\n\t<!-- Element: OT Line solid --> \t \n\t<div class=\" separator \"><span><i class=\"fa fa-circle\"><\/i><\/span><\/div>\n\t<div class=\"spacer-single\"><\/div>\t      \n[\/vc_column][vc_column width=&#8221;1\/3&#8243; animate=&#8221;fadeinleft&#8221;]\n\t<!-- Element: OT Heading --> \t \n\t<h3 class=\"ot_custom_heading  \" style=\"\" ><b>Residential<\/b> Design<\/h3>\t\n[vc_column_text css=&#8221;.vc_custom_1437708758726{margin-bottom: 30px !important;}&#8221;]Sed ut perspiciatis unde omnis iste natus error sit voluptatem accusantium doloremque laudantium, totam rem aperiam, eaque ipsa quae ab illo inventore veritatis et quasi architecto beatae vitae dicta sunt explicabo. Nemo enim ipsam voluptatem quia voluptas sit aspernatur aut odit aut fugit, sed quia[\/vc_column_text][vc_single_image image=&#8221;137&#8243; img_size=&#8221;full&#8221;][\/vc_column][vc_column width=&#8221;1\/3&#8243; animate=&#8221;fadeinup&#8221;]\n\t<!-- Element: OT Heading --> \t \n\t<h3 class=\"ot_custom_heading  \" style=\"\" ><b>OFFICE<\/b> Design<\/h3>\t\n[vc_column_text css=&#8221;.vc_custom_1437708758726{margin-bottom: 30px !important;}&#8221;]Sed ut perspiciatis unde omnis iste natus error sit voluptatem accusantium doloremque laudantium, totam rem aperiam, eaque ipsa quae ab illo inventore veritatis et quasi architecto beatae vitae dicta sunt explicabo. Nemo enim ipsam voluptatem quia voluptas sit aspernatur aut odit aut fugit, sed quia[\/vc_column_text][vc_single_image image=&#8221;144&#8243; img_size=&#8221;full&#8221;][\/vc_column][vc_column width=&#8221;1\/3&#8243; animate=&#8221;fadinright&#8221;]\n\t<!-- Element: OT Heading --> \t \n\t<h3 class=\"ot_custom_heading  \" style=\"\" ><b>HOSPITALLY<\/b> Design<\/h3>\t\n[vc_column_text css=&#8221;.vc_custom_1437708758726{margin-bottom: 30px !important;}&#8221;]Sed ut perspiciatis unde omnis iste natus error sit voluptatem accusantium doloremque laudantium, totam rem aperiam, eaque ipsa quae ab illo inventore veritatis et quasi architecto beatae vitae dicta sunt explicabo. Nemo enim ipsam voluptatem quia voluptas sit aspernatur aut odit aut fugit, sed quia[\/vc_column_text][vc_single_image image=&#8221;145&#8243; img_size=&#8221;full&#8221;][\/vc_column][\/vc_row][vc_row css=&#8221;.vc_custom_1495601274434{padding-top: 90px !important;padding-bottom: 90px !important;background-image: url(https:\/\/duccahome.com\/wp-content\/uploads\/2015\/07\/bg-2.jpg?id=149) !important;background-position: center !important;background-repeat: no-repeat !important;background-size: cover !important;}&#8221; el_class=&#8221;bg-fixed &#8220;][vc_column animate=&#8221;fadeinup&#8221;]\n\t<!-- Element: OT Heading --> \t \n\t<h1 class=\"ot_custom_heading  \" style=\"text-align: center;color: #ffffff;\" >OUR PROCESS<\/h1>\t\n\t<!-- Element: OT Line solid --> \t \n\t<div class=\" separator \"><span><i class=\"fa fa-circle\"><\/i><\/span><\/div>\n\t<div class=\"spacer-single\"><\/div>\t      \n[\/vc_column][vc_column]\n\t<!-- Element: OT Process -->\n    <div class=\"de_tab tab_steps tab_4  \">\n        <ul class=\"de_nav process-circle-textonly\">\n\t        \t            <li class=\"active wow fadeIn\" data-wow-delay=\"0.4s\">\n\t            \t<span class=\"content-mid\">\n\t            \t\t<div class=\"inner\">\t\t\n\t            \t\t\t\u00d6ZEL TASARIM\t            \t\t<\/div>\n\t            \t<\/span>\t\t        \n\t\t            <div class=\"v-border\"><\/div>\n\t            <\/li>\n\t            \n\t        \t            <li class=\" wow fadeIn\" data-wow-delay=\"0.8s\">\n\t            \t<span class=\"content-mid\">\n\t            \t\t<div class=\"inner\">\t\t\n\t            \t\t\tKALITELI \u00dcR\u00dcNLER\t            \t\t<\/div>\n\t            \t<\/span>\t\t        \n\t\t            <div class=\"v-border\"><\/div>\n\t            <\/li>\n\t            \n\t        \t            <li class=\" wow fadeIn\" data-wow-delay=\"1.2s\">\n\t            \t<span class=\"content-mid\">\n\t            \t\t<div class=\"inner\">\t\t\n\t            \t\t\tHIZLI TESLIMAT\t            \t\t<\/div>\n\t            \t<\/span>\t\t        \n\t\t            <div class=\"v-border\"><\/div>\n\t            <\/li>\n\t            \n\t                <\/ul>\n\n        <div class=\"de_tab_content\">\n\t        \t            <div id=\"tab-580\" class=\"de_tab_content_inner\">\n\t                <p>Hayal g\u00fcc\u00fcn\u00fcz\u00fc ve zevklerinizi ya\u015fam alanlar\u0131n\u0131za yans\u0131tabilmenizi sa\u011fl\u0131yoruz. Sizler i\u00e7in istedi\u011finiz renkte ve tasar\u0131mda mobilyalar\u0131 \u00fcretiyoruz. Birbirinden farkl\u0131 mobilyalar ve tasar\u0131mlar i\u00e7in ma\u011fazam\u0131z\u0131 ziyaret edebilir. Ya\u015fam alan\u0131n\u0131z\u0131 en iyi \u015fekilde olu\u015fturabiliriz.<\/p>\n\t            <\/div>\n\t        \t            <div id=\"tab-579\" class=\"de_tab_content_inner\">\n\t                <p>Geli\u015fen teknoloji \u00e7a\u011f\u0131m\u0131z\u0131n getirmi\u015f oldu\u011fu yenilikleri mobilyalar\u0131m\u0131za da yans\u0131tt\u0131k. En modern ve \u015f\u0131k mobilyalar\u0131 sizlere getiriyoruz. G\u00fc\u00e7l\u00fc ekibimiz ile sizlerin konforunu ve g\u00f6z zevkinizi \u00f6n planda tuttu\u011fumuz birbirinden harika mobilyalar\u0131 \u00f6zenle ma\u011fazam\u0131za getiriyoruz. Sizlerde daha fazla se\u00e7enekler i\u00e7in ma\u011fazam\u0131z\u0131 ziyaret edebilirsiniz.<\/p>\n\t            <\/div>\n\t        \t            <div id=\"tab-578\" class=\"de_tab_content_inner\">\n\t                <p>Detay\u0131nda mutluluk var slogan\u0131 ile \u00e7\u0131kt\u0131\u011f\u0131m\u0131z bu yolda sizler i\u00e7in en iyisini istiyoruz. Ba\u015f\u0131ndan sonuna kadar profesyonel ekibimiz ile ma\u011fazam\u0131za gelmenizden \u00fcr\u00fcnlerinizin en iyi ve h\u0131zl\u0131 \u015fekilde sizlere ula\u015fmas\u0131n\u0131 sa\u011fl\u0131yoruz.<\/p>\n\t            <\/div>\n\t                <\/div>\n    <\/div>\n\n[\/vc_column][\/vc_row][vc_row fullwidth=&#8221;yes&#8221;][vc_column]  \n\n\t<!-- Element: OT Portfolio Filter -->\n\t\t\t<div class=\"container\">\n\t    \t<!-- portfolio filter begin -->\n\t\t    <div class=\"row\">\n\t\t        <div class=\"col-md-12 text-center\">\n\t\t            <ul id=\"filters\" class=\"wow fadeInUp listed_taxonomy_filters\" data-wow-delay=\"0s\">\n\t\t            \t<li><a href=\"#\" data-filter=\"*\" class=\"selected\">ALL PROJECT<\/a><\/li>                    \n\t\t                <li class=\"cate_parent\"><a href=\"#\" data-filter=\".21-projects\">2+1 PROJECTS<\/a><\/li><li class=\"cate_parent\"><a href=\"#\" data-filter=\".daire-projeleri\">DA\u0130RE PROJELER\u0130<\/a><\/li><li class=\"cate_parent\"><a href=\"#\" data-filter=\".ofis\">Ofis Projeleri<\/a><\/li><li class=\"cate_parent\"><a href=\"#\" data-filter=\".showrooms\">SHOWROOM<\/a><\/li><li class=\"cate_parent\"><a href=\"#\" data-filter=\".villa-projects\">VILLA PROJELER<\/a><\/li>                    \n\t\t            <\/ul>\n\t\t        <\/div>\n\t\t    <\/div>\n\t    \t<!-- portfolio filter close -->\n\t    <\/div>\n    \n    <div id=\"gallery\" class=\" gallery full-gallery de-gallery pf_full_width \" style=\"margin:0px 0px\" >\n                     \n        <!-- gallery item -->\n        <div class=\"item 21-projects daire-projeleri showrooms \">\n            <div class=\"picframe-new\" style=\"margin:0px\"> \n\t\t\t\t<a class=\"simple-ajax-popup-align-top\" href=\"https:\/\/duccahome.com\/tr\/portfolio\/youtube-video\/\">\n\t                <div class=\"mask\"><\/div>\t                \n                    <div class=\"pr_text\">\n                        <div class=\"project-name\">CEBECI TOWERS PROJE  2<\/div>\n                    <\/div>\n\t\t\t\t\t\t\t                <img width=\"700\" height=\"466\" src=\"https:\/\/duccahome.com\/wp-content\/uploads\/2015\/07\/cebecitowers-alanyamobilya-1-1-700x466.jpg\" class=\"attachment-thumb-portfolio size-thumb-portfolio wp-post-image\" alt=\"CEBECI TOWERS - ALANYA MOB\u0130LYA DUCCA HOME\" decoding=\"async\" loading=\"lazy\" title=\"CEBECI TOWERS - ALANYA MOB\u0130LYA DUCCA HOME\" \/>\t\t\t\t\t\t\t\t\t<\/a>\n            <\/div>\n        <\/div>        \n        <!-- close gallery item -->\n                     \n        <!-- gallery item -->\n        <div class=\"item 21-projects daire-projeleri showrooms \">\n            <div class=\"picframe-new\" style=\"margin:0px\"> \n\t\t\t\t<a class=\"simple-ajax-popup-align-top\" href=\"https:\/\/duccahome.com\/tr\/portfolio\/modern-elegance-suite\/\">\n\t                <div class=\"mask\"><\/div>\t                \n                    <div class=\"pr_text\">\n                        <div class=\"project-name\">CEBECI TOWERS PROJE 1<\/div>\n                    <\/div>\n\t\t\t\t\t\t\t                <img width=\"700\" height=\"466\" src=\"https:\/\/duccahome.com\/wp-content\/uploads\/2015\/07\/cebecitowers-alanyamobilya-1-700x466.jpg\" class=\"attachment-thumb-portfolio size-thumb-portfolio wp-post-image\" alt=\"CEBECI TOWERS - ALANYA MOB\u0130LYA DUCCA HOME\" decoding=\"async\" loading=\"lazy\" title=\"cebecitowers - alanyamobilya 1\" \/>\t\t\t\t\t\t\t\t\t<\/a>\n            <\/div>\n        <\/div>        \n        <!-- close gallery item -->\n                     \n        <!-- gallery item -->\n        <div class=\"item 21-projects \">\n            <div class=\"picframe-new\" style=\"margin:0px\"> \n\t\t\t\t<a class=\"simple-ajax-popup-align-top\" href=\"https:\/\/duccahome.com\/tr\/portfolio\/cebeci-towers-project-3\/\">\n\t                <div class=\"mask\"><\/div>\t                \n                    <div class=\"pr_text\">\n                        <div class=\"project-name\">CEBECI TOWERS PROJE 3<\/div>\n                    <\/div>\n\t\t\t\t\t\t\t                <img width=\"700\" height=\"466\" src=\"https:\/\/duccahome.com\/wp-content\/uploads\/2024\/11\/Y-1-700x466.jpg\" class=\"attachment-thumb-portfolio size-thumb-portfolio wp-post-image\" alt=\"\" decoding=\"async\" loading=\"lazy\" title=\"Y (1)\" \/>\t\t\t\t\t\t\t\t\t<\/a>\n            <\/div>\n        <\/div>        \n        <!-- close gallery item -->\n                     \n        <!-- gallery item -->\n        <div class=\"item showrooms \">\n            <div class=\"picframe-new\" style=\"margin:0px\"> \n\t\t\t\t<a class=\"simple-ajax-popup-align-top\" href=\"https:\/\/duccahome.com\/tr\/portfolio\/faralya-project-1\/\">\n\t                <div class=\"mask\"><\/div>\t                \n                    <div class=\"pr_text\">\n                        <div class=\"project-name\">FARALYA PROJE 1<\/div>\n                    <\/div>\n\t\t\t\t\t\t\t                <img width=\"700\" height=\"466\" src=\"https:\/\/duccahome.com\/wp-content\/uploads\/2024\/04\/FARALYA-1-700x466.jpg\" class=\"attachment-thumb-portfolio size-thumb-portfolio wp-post-image\" alt=\"\" decoding=\"async\" loading=\"lazy\" title=\"FARALYA - 1\" \/>\t\t\t\t\t\t\t\t\t<\/a>\n            <\/div>\n        <\/div>        \n        <!-- close gallery item -->\n                     \n        <!-- gallery item -->\n        <div class=\"item showrooms \">\n            <div class=\"picframe-new\" style=\"margin:0px\"> \n\t\t\t\t<a class=\"simple-ajax-popup-align-top\" href=\"https:\/\/duccahome.com\/tr\/portfolio\/faralya-project-2\/\">\n\t                <div class=\"mask\"><\/div>\t                \n                    <div class=\"pr_text\">\n                        <div class=\"project-name\">FARALYA PROJE 2<\/div>\n                    <\/div>\n\t\t\t\t\t\t\t                <img width=\"700\" height=\"466\" src=\"https:\/\/duccahome.com\/wp-content\/uploads\/2024\/04\/FARALYA-SILVER-2-700x466.jpg\" class=\"attachment-thumb-portfolio size-thumb-portfolio wp-post-image\" alt=\"\" decoding=\"async\" loading=\"lazy\" title=\"FARALYA SILVER -2\" \/>\t\t\t\t\t\t\t\t\t<\/a>\n            <\/div>\n        <\/div>        \n        <!-- close gallery item -->\n                     \n        <!-- gallery item -->\n        <div class=\"item showrooms \">\n            <div class=\"picframe-new\" style=\"margin:0px\"> \n\t\t\t\t<a class=\"simple-ajax-popup-align-top\" href=\"https:\/\/duccahome.com\/tr\/portfolio\/faralya-project-3\/\">\n\t                <div class=\"mask\"><\/div>\t                \n                    <div class=\"pr_text\">\n                        <div class=\"project-name\">FARALYA PROJE 3<\/div>\n                    <\/div>\n\t\t\t\t\t\t\t                <img width=\"700\" height=\"466\" src=\"https:\/\/duccahome.com\/wp-content\/uploads\/2024\/04\/FARALYA-GOLD-2-700x466.jpg\" class=\"attachment-thumb-portfolio size-thumb-portfolio wp-post-image\" alt=\"\" decoding=\"async\" loading=\"lazy\" title=\"FARALYA GOLD - 2\" \/>\t\t\t\t\t\t\t\t\t<\/a>\n            <\/div>\n        <\/div>        \n        <!-- close gallery item -->\n                     \n        <!-- gallery item -->\n        <div class=\"item villa-projects \">\n            <div class=\"picframe-new\" style=\"margin:0px\"> \n\t\t\t\t<a class=\"simple-ajax-popup-align-top\" href=\"https:\/\/duccahome.com\/tr\/portfolio\/kargicak-stone-villa\/\">\n\t                <div class=\"mask\"><\/div>\t                \n                    <div class=\"pr_text\">\n                        <div class=\"project-name\">KARGICAK TA\u015e VILLA<\/div>\n                    <\/div>\n\t\t\t\t\t\t\t                <img width=\"700\" height=\"466\" src=\"https:\/\/duccahome.com\/wp-content\/uploads\/2024\/11\/4-700x466.jpg\" class=\"attachment-thumb-portfolio size-thumb-portfolio wp-post-image\" alt=\"\" decoding=\"async\" loading=\"lazy\" title=\"4\" \/>\t\t\t\t\t\t\t\t\t<\/a>\n            <\/div>\n        <\/div>        \n        <!-- close gallery item -->\n                     \n        <!-- gallery item -->\n        <div class=\"item ofis \">\n            <div class=\"picframe-new\" style=\"margin:0px\"> \n\t\t\t\t<a class=\"simple-ajax-popup-align-top\" href=\"https:\/\/duccahome.com\/tr\/portfolio\/cozy-bedroom\/\">\n\t                <div class=\"mask\"><\/div>\t                \n                    <div class=\"pr_text\">\n                        <div class=\"project-name\">PRIZMA HARITA<\/div>\n                    <\/div>\n\t\t\t\t\t\t\t                <img width=\"700\" height=\"466\" src=\"https:\/\/duccahome.com\/wp-content\/uploads\/2015\/07\/PRIZMA-HATIRA-2-700x466.jpg\" class=\"attachment-thumb-portfolio size-thumb-portfolio wp-post-image\" alt=\"PRIZMA HARITA - DUCCA HOME OF\u0130S MOB\u0130LYA\" decoding=\"async\" loading=\"lazy\" srcset=\"https:\/\/duccahome.com\/wp-content\/uploads\/2015\/07\/PRIZMA-HATIRA-2-700x466.jpg 700w, https:\/\/duccahome.com\/wp-content\/uploads\/2015\/07\/PRIZMA-HATIRA-2-300x200.jpg 300w, https:\/\/duccahome.com\/wp-content\/uploads\/2015\/07\/PRIZMA-HATIRA-2-1024x683.jpg 1024w, https:\/\/duccahome.com\/wp-content\/uploads\/2015\/07\/PRIZMA-HATIRA-2-768x512.jpg 768w, https:\/\/duccahome.com\/wp-content\/uploads\/2015\/07\/PRIZMA-HATIRA-2-1536x1024.jpg 1536w, https:\/\/duccahome.com\/wp-content\/uploads\/2015\/07\/PRIZMA-HATIRA-2-2048x1365.jpg 2048w\" sizes=\"(max-width: 700px) 100vw, 700px\" title=\"PRIZMA HARITA - DUCCA HOME OF\u0130S MOB\u0130LYA\" \/>\t\t\t\t\t\t\t\t\t<\/a>\n            <\/div>\n        <\/div>        \n        <!-- close gallery item -->\n            <\/div>\n        [\/vc_column][\/vc_row][vc_row fullwidth=&#8221;yes&#8221; css=&#8221;.vc_custom_1442204741977{padding-top: 60px !important;padding-bottom: 60px !important;}&#8221; el_class=&#8221;call-to-action bg-color text-center&#8221;][vc_column]\t\t\t\n\t<!-- Element: OT Button --> \n\t\t\t<a href=\"http:\/\/demo.archiwp.com\/projects\/\" target=\"_self\" class=\"btn btn-line-black btn-big  \">VIEW ALL PROJECT<\/a>\n\t    \n[\/vc_column][\/vc_row][vc_row css=&#8221;.vc_custom_1495601318863{padding-top: 90px !important;padding-bottom: 90px !important;background-image: url(https:\/\/duccahome.com\/wp-content\/uploads\/2015\/07\/bg-3.jpg?id=185) !important;}&#8221; el_class=&#8221;bg-fixed &#8220;][vc_column animate=&#8221;fadeinup&#8221;]\n\t<!-- Element: OT Heading --> \t \n\t<h1 class=\"ot_custom_heading  \" style=\"text-align: center;color: #eceff3;\" >CUSTOMER SAYS<\/h1>\t\n\t<!-- Element: OT Line solid --> \t \n\t<div class=\" separator \"><span><i class=\"fa fa-circle\"><\/i><\/span><\/div>\n\t<div class=\"spacer-single\"><\/div>\t      \n\t<!-- Element: OT Testimonial Silder -->\t\n\t<div id=\"testimonial-carousel-69f8d2a9be716\" class=\"de_carousel  wow fadeInUp\" data-wow-delay=\".3s\">\n\t        <div class=\"col-md-6 item\">\n            <div class=\"de_testi\">\n                <blockquote>\n                    <p>Alanya&#8217;da mobilya al\u0131\u015fveri\u015fi yaparken bu ma\u011fazay\u0131 kontrol etmeyi unutmay\u0131n.<br \/>\nMarina, kibar ve yard\u0131msever bir sat\u0131\u015f eleman\u0131d\u0131r.<br \/>\nGenel m\u00fcd\u00fcr hakk\u0131ndaki tek k\u00f6t\u00fc ele\u015ftiriden endi\u015felenmeyin, bir i\u015f adam\u0131 olarak s\u00f6zle\u015fme imzalamas\u0131 gayet iyi.<\/p>\n                    <div class=\"de_testi_by no-margin\">\n\n                    \t\n\t\t\t\t\t\t<div >\n                        \tSamudro P.                        <\/div>\n\n                    <\/div>\n                <\/blockquote>\n\n            <\/div>\n        <\/div>\n                <div class=\"col-md-6 item\">\n            <div class=\"de_testi\">\n                <blockquote>\n                    <p>Harika \u00fcr\u00fcnler , inan\u0131lmaz bir ekip .Ma\u011faza i\u00e7erisinde birbirinden farkl\u0131 o kadar \u00e7ok \u00fcr\u00fcn var ki inan\u0131lmazd\u0131. Bence Alanya&#8217;da gidilebilecek en iyi mobilya ma\u011fazas\u0131. Herkese \u015fiddetle tavsiye ediyorum. Ba\u015far\u0131lar\u0131n\u0131n devam\u0131n\u0131 diliyorum. Te\u015fekk\u00fcrler<\/p>\n                    <div class=\"de_testi_by no-margin\">\n\n                    \t\n\t\t\t\t\t\t<div >\n                        \tBuse G.                        <\/div>\n\n                    <\/div>\n                <\/blockquote>\n\n            <\/div>\n        <\/div>\n                <div class=\"col-md-6 item\">\n            <div class=\"de_testi\">\n                <blockquote>\n                    <p>M\u00fc\u015fteri memnuniyeti daima \u00f6n planda \u2026 g\u00fcvenle al\u0131\u015fveri\u015f yapabilece\u011finiz bir mobilya firmas\u0131 , bir \u00e7ok mobilya ma\u011fazas\u0131na gezmenize gerek yok , arad\u0131\u011f\u0131n\u0131z\u0131 orada bulaca\u011f\u0131n\u0131z konusunda endi\u015feniz olmas\u0131n ??\u200d\u2642\ufe0f<\/p>\n                    <div class=\"de_testi_by no-margin\">\n\n                    \t\n\t\t\t\t\t\t<div >\n                        \tKatarina Y.                        <\/div>\n\n                    <\/div>\n                <\/blockquote>\n\n            <\/div>\n        <\/div>\n            <\/div>\n    <script type=\"text\/javascript\">\n    \tjQuery(document).ready(function() {\t\t\n\t\t\t'use strict';\n\t\t\tjQuery(\"#testimonial-carousel-69f8d2a9be716\").owlCarousel({\n\t\t\t    items : 2,\n\t\t\t\titemsDesktop : [1199,2],\n\t\t\t\titemsDesktopSmall : [980,2],\n\t\t\t    itemsTablet: [768,1],\n\t\t\t    itemsTabletSmall: false,\n\t\t\t    itemsMobile : [479,1],\n\t\t\t    navigation : false,\n\t\t\t\tautoHeight : false,\n\t\t\t\tautoPlay : false,\n\t\t\t\tslideSpeed : 200,\n\t\t        paginationSpeed : 800,\n\t\t        rewindSpeed : 1000,\n\t\t   \t\tnavigationText : ['', ''],\n\t\t    });\n\t\t});\n    <\/script>\n[\/vc_column][\/vc_row]<\/p>\n<\/div>","protected":false},"excerpt":{"rendered":"<p>[vc_row fullwidth=&#8221;yes&#8221;][vc_column][\/vc_column][\/vc_row][vc_row css=&#8221;.vc_custom_1495442187204{padding-top: 90px !important;padding-bottom: 60px !important;}&#8221;][vc_column animate=&#8221;fadeinup&#8221;][\/vc_column][vc_column width=&#8221;1\/3&#8243; animate=&#8221;fadeinleft&#8221;][vc_column_text css=&#8221;.vc_custom_1437708758726{margin-bottom: 30px !important;}&#8221;]Sed ut perspiciatis unde omnis iste natus error sit voluptatem accusantium doloremque laudantium, totam rem aperiam, eaque ipsa quae ab illo inventore veritatis et quasi architecto beatae vitae dicta sunt explicabo. Nemo enim ipsam voluptatem quia voluptas sit aspernatur aut odit aut fugit, [&hellip;]<\/p>\n","protected":false},"author":1,"featured_media":0,"parent":0,"menu_order":0,"comment_status":"closed","ping_status":"closed","template":"page-templates\/template-canvas.php","meta":[],"_links":{"self":[{"href":"https:\/\/duccahome.com\/tr\/wp-json\/wp\/v2\/pages\/1075"}],"collection":[{"href":"https:\/\/duccahome.com\/tr\/wp-json\/wp\/v2\/pages"}],"about":[{"href":"https:\/\/duccahome.com\/tr\/wp-json\/wp\/v2\/types\/page"}],"author":[{"embeddable":true,"href":"https:\/\/duccahome.com\/tr\/wp-json\/wp\/v2\/users\/1"}],"replies":[{"embeddable":true,"href":"https:\/\/duccahome.com\/tr\/wp-json\/wp\/v2\/comments?post=1075"}],"version-history":[{"count":0,"href":"https:\/\/duccahome.com\/tr\/wp-json\/wp\/v2\/pages\/1075\/revisions"}],"wp:attachment":[{"href":"https:\/\/duccahome.com\/tr\/wp-json\/wp\/v2\/media?parent=1075"}],"curies":[{"name":"wp","href":"https:\/\/api.w.org\/{rel}","templated":true}]}}