{"id":256,"date":"2015-07-27T04:50:39","date_gmt":"2015-07-27T04:50:39","guid":{"rendered":"http:\/\/demo.oceanthemes.net\/archi\/?page_id=256"},"modified":"2023-08-11T18:56:15","modified_gmt":"2023-08-11T15:56:15","slug":"bizeulasin","status":"publish","type":"page","link":"https:\/\/duccahome.com\/ru\/bizeulasin\/","title":{"rendered":"\u0421\u0412\u042f\u0417\u0410\u0422\u042c\u0421\u042f \u0421 \u041d\u0410\u041c\u0418"},"content":{"rendered":"<div class=\"wpb-content-wrapper\"><p>[vc_row fullwidth=&#187;yes&#187; css=&#187;.vc_custom_1438577278176{padding-bottom: 90px !important;}&#187;][vc_column]   \t\n   \t<!-- Element: OT Google Map --> \t \n    <div id=\"gmap-69e5a7f22fb40\" style=\"height: 500px;\"><\/div>\n\t\t\n\t<script type=\"text\/javascript\">\t\n\t\t(function($) { \"use strict\"\n\t\t    $(document).ready(function(){\n\t\t     \n\t\t        var locations = [\n\t\t\t\t\t['<div class=\"infobox\"><span><span><\/div>', 36.527535178830774, 32.04965597969107, 2]\n\t\t        ];\n\t\t\t\n\t\t\t\tvar map = new google.maps.Map(document.getElementById('gmap-69e5a7f22fb40'), {\n\t\t\t\t  \tzoom: 15,\n\t\t\t\t\tscrollwheel: false,\n\t\t\t\t\tnavigationControl: true,\n\t\t\t\t\tmapTypeControl: false,\n\t\t\t\t\tscaleControl: false,\n\t\t\t\t\tdraggable: true,\t\t\t\n\t\t\t\t\tstyles: \n\t\t\t\t\t\t[{\"stylers\":[{\"hue\":\"#ff1a00\"},{\"invert_lightness\":true},{\"saturation\":-100},{\"lightness\":33},{\"gamma\":0.5}]},{\"featureType\":\"water\",\"elementType\":\"geometry\",\"stylers\":[{\"color\":\"#2D333C\"}]}],\n\t\t\t\t\tcenter: new google.maps.LatLng(36.527535178830774, 32.04965597969107),\n\t\t\t\t  mapTypeId: google.maps.MapTypeId.ROADMAP\n\t\t\t\t});\n\t\t\t\n\t\t\t\tvar infowindow = new google.maps.InfoWindow();\n\t\t\t\n\t\t\t\tvar marker, i;\n\t\t\t\n\t\t\t\tfor (i = 0; i < locations.length; i++) {  \n\t\t\t\t\tmarker = new google.maps.Marker({ \n\t\t\t\t\t\tposition: new google.maps.LatLng(locations[i][1], locations[i][2]), \n\t\t\t\t\t\tmap: map ,\n\t\t\t\t\t\ticon: 'https:\/\/duccahome.com\/wp-content\/uploads\/2015\/07\/map-marker.png',\n\t\t\t\t\t\ttitle: ''\n\t\t\t\t\t});\n\t\t\t\t  \tgoogle.maps.event.addListener(marker, (function(marker, i) {\n\t\t\t\t\t\treturn function() {\n\t\t\t\t\t\t\tinfowindow.setContent(locations[i][0]);\n\t\t\t\t\t\t\tinfowindow.open(map, marker);\n\t\t\t\t\t\t}\n\t\t\t\t  \t})(marker, i));\n\t\t\t\t}\n\t\t        \n\t\t    });\n\n\t\t})(jQuery);   \t\n\t<\/script>\n[\/vc_column][\/vc_row][vc_row css=&#187;.vc_custom_1438577300524{padding-bottom: 90px !important;}&#187;][vc_column width=&#187;2\/3&#8243; wap_class=&#187;wow fadeInUp&#187;]\n\t<!-- Element: OT Heading --> \t \n\t<h3 class=\"ot_custom_heading  \" style=\"\" >\u0411\u041b\u0410\u0413\u041e\u0414\u0410\u0420\u0418\u041c \u0412\u0410\u0421 \u0417\u0410 \u041e\u0411\u0420\u0410\u0429\u0415\u041d\u0418\u0415 \u041a \u041d\u0410\u041c.<\/h3>\t\n[vc_empty_space height=&#187;10px&#187;]\n<div class=\"wpcf7 no-js\" id=\"wpcf7-f283-o3\" lang=\"en-US\" dir=\"ltr\">\n<div class=\"screen-reader-response\"><p role=\"status\" aria-live=\"polite\" aria-atomic=\"true\"><\/p> <ul><\/ul><\/div>\n<form action=\"\/ru\/wp-json\/wp\/v2\/pages\/256#wpcf7-f283-o3\" method=\"post\" class=\"wpcf7-form init\" aria-label=\"Contact form\" novalidate=\"novalidate\" data-status=\"init\">\n<div style=\"display: none;\">\n<input type=\"hidden\" name=\"_wpcf7\" value=\"283\" \/>\n<input type=\"hidden\" name=\"_wpcf7_version\" value=\"5.7.7\" \/>\n<input type=\"hidden\" name=\"_wpcf7_locale\" value=\"en_US\" \/>\n<input type=\"hidden\" name=\"_wpcf7_unit_tag\" value=\"wpcf7-f283-o3\" \/>\n<input type=\"hidden\" name=\"_wpcf7_container_post\" value=\"0\" \/>\n<input type=\"hidden\" name=\"_wpcf7_posted_data_hash\" value=\"\" \/>\n<\/div>\n<div class=\"row\">\n\t<div class=\"col-md-4\">\n\t\t<div>\n\t\t\t<p><span class=\"wpcf7-form-control-wrap\" data-name=\"your-name\"><input size=\"40\" class=\"wpcf7-form-control wpcf7-text wpcf7-validates-as-required\" aria-required=\"true\" aria-invalid=\"false\" placeholder=\"Ad\u0131n\u0131z Soyad\u0131n\u0131z :\" value=\"\" type=\"text\" name=\"your-name\" \/><\/span>\n\t\t\t<\/p>\n\t\t<\/div>\n\t\t<div>\n\t\t\t<p><span class=\"wpcf7-form-control-wrap\" data-name=\"your-email\"><input size=\"40\" class=\"wpcf7-form-control wpcf7-text wpcf7-email wpcf7-validates-as-required wpcf7-validates-as-email\" aria-required=\"true\" aria-invalid=\"false\" placeholder=\"Mail adresiniz :\" value=\"\" type=\"email\" name=\"your-email\" \/><\/span>\n\t\t\t<\/p>\n\t\t<\/div>\n\t\t<div>\n\t\t\t<p><span class=\"wpcf7-form-control-wrap\" data-name=\"your-phone\"><input size=\"40\" class=\"wpcf7-form-control wpcf7-text wpcf7-tel wpcf7-validates-as-required wpcf7-validates-as-tel\" aria-required=\"true\" aria-invalid=\"false\" placeholder=\"Telefon Numaran\u0131z :\" value=\"\" type=\"tel\" name=\"your-phone\" \/><\/span>\n\t\t\t<\/p>\n\t\t<\/div>\n\t<\/div>\n\t<div class=\"col-md-8\">\n\t\t<div>\n\t\t\t<p>[textarea* Bizimle hangi konuda g\u00f6r\u00fc\u015fmek istiyorsan\u0131z k\u0131saca yaz\u0131n\u0131z.\"]\n\t\t\t<\/p>\n\t\t<\/div>\n\t<\/div>\n\t<div class=\"col-md-12\">\n\t\t<p id=\"submit\"><input class=\"wpcf7-form-control has-spinner wpcf7-submit btn btn-line\" type=\"submit\" value=\"Submit Form\" \/>\n\t\t<\/p>\n\t<\/div>\n<\/div><div class=\"wpcf7-response-output\" aria-hidden=\"true\"><\/div>\n<\/form>\n<\/div>\n[\/vc_column][vc_column width=&#187;1\/3&#8243; wap_class=&#187;wow fadeInUp&#187;]\n\t<!-- Element: OT Heading --> \t \n\t<h3 class=\"ot_custom_heading  \" style=\"\" >\u0421\u0412\u042f\u0417\u0410\u0422\u042c\u0421\u042f \u0421 \u041d\u0410\u041c\u0418<\/h3>\t\n[vc_column_text]<\/p>\n<address>\n<div>Tosmur, \u0130brahim Bilgen Cd No:23, 07469 Alanya\/Antalya<\/div>\n<div>\n<div><strong>\u043f\u043e\u0437\u0432\u043e\u043d\u0438\u0442\u0435 \u043d\u0430\u043c :<\/strong>0242 514 24 00<\/div>\n<div><strong>\u043f\u043e\u0447\u0442\u0430 : <\/strong>info@duccahome.com<\/div>\n<div><strong>\u0438\u043d\u0442\u0435\u0440\u043d\u0435\u0442 \u0441\u0430\u0439\u0442 : <\/strong><a href=\"#test\">http:\/\/duccahome.com<\/a><\/div>\n<div><strong>\u0447\u0430\u0441\u044b \u0440\u0430\u0431\u043e\u0442\u044b : <\/strong>\u041f\u043e\u043d\u0435\u0434\u0435\u043b\u044c\u043d\u0438\u043a \u0441\u0443\u0431\u0431\u043e\u0442\u0430\u00a009:00 &#8212; 19:00<\/div>\n<\/div>\n<\/address>\n<p>[\/vc_column_text][\/vc_column][\/vc_row]<\/p>\n<\/div>","protected":false},"excerpt":{"rendered":"<p>[vc_row fullwidth=&#187;yes&#187; css=&#187;.vc_custom_1438577278176{padding-bottom: 90px !important;}&#187;][vc_column][\/vc_column][\/vc_row][vc_row css=&#187;.vc_custom_1438577300524{padding-bottom: 90px !important;}&#187;][vc_column width=&#187;2\/3&#8243; wap_class=&#187;wow fadeInUp&#187;][vc_empty_space height=&#187;10px&#187;][\/vc_column][vc_column width=&#187;1\/3&#8243; wap_class=&#187;wow fadeInUp&#187;][vc_column_text] Tosmur, \u0130brahim Bilgen Cd No:23, 07469 Alanya\/Antalya \u043f\u043e\u0437\u0432\u043e\u043d\u0438\u0442\u0435 \u043d\u0430\u043c :0242 514 24 00 \u043f\u043e\u0447\u0442\u0430 : info@duccahome.com \u0438\u043d\u0442\u0435\u0440\u043d\u0435\u0442 \u0441\u0430\u0439\u0442 : http:\/\/duccahome.com \u0447\u0430\u0441\u044b \u0440\u0430\u0431\u043e\u0442\u044b : \u041f\u043e\u043d\u0435\u0434\u0435\u043b\u044c\u043d\u0438\u043a \u0441\u0443\u0431\u0431\u043e\u0442\u0430\u00a009:00 &#8212; 19:00 [\/vc_column_text][\/vc_column][\/vc_row]<\/p>\n","protected":false},"author":1,"featured_media":0,"parent":0,"menu_order":0,"comment_status":"closed","ping_status":"closed","template":"page-templates\/template-fullwidth.php","meta":[],"_links":{"self":[{"href":"https:\/\/duccahome.com\/ru\/wp-json\/wp\/v2\/pages\/256"}],"collection":[{"href":"https:\/\/duccahome.com\/ru\/wp-json\/wp\/v2\/pages"}],"about":[{"href":"https:\/\/duccahome.com\/ru\/wp-json\/wp\/v2\/types\/page"}],"author":[{"embeddable":true,"href":"https:\/\/duccahome.com\/ru\/wp-json\/wp\/v2\/users\/1"}],"replies":[{"embeddable":true,"href":"https:\/\/duccahome.com\/ru\/wp-json\/wp\/v2\/comments?post=256"}],"version-history":[{"count":18,"href":"https:\/\/duccahome.com\/ru\/wp-json\/wp\/v2\/pages\/256\/revisions"}],"predecessor-version":[{"id":2128,"href":"https:\/\/duccahome.com\/ru\/wp-json\/wp\/v2\/pages\/256\/revisions\/2128"}],"wp:attachment":[{"href":"https:\/\/duccahome.com\/ru\/wp-json\/wp\/v2\/media?parent=256"}],"curies":[{"name":"wp","href":"https:\/\/api.w.org\/{rel}","templated":true}]}}